{"id":2287,"date":"2026-03-20T14:53:33","date_gmt":"2026-03-20T14:53:33","guid":{"rendered":"https:\/\/videhandmade.pl\/?product=kadzidelnica-lisc-2"},"modified":"2026-03-20T15:18:41","modified_gmt":"2026-03-20T15:18:41","slug":"kadzidelnica-lisc-2","status":"publish","type":"product","link":"https:\/\/videhandmade.pl\/?product=kadzidelnica-lisc-2","title":{"rendered":"Kadzidelnica li\u015b\u0107 2"},"content":{"rendered":"<p><em>Jest to produkt wykonany r\u0119cznie. Drobne nieregularno\u015bci na powierzchni cz\u0119\u015bci p\u0142askich produktu s\u0105 jego normaln\u0105 cech\u0105. <\/em><em>Kolory mog\u0105 si\u0119 nieznacznie r\u00f3\u017cni\u0107 od przedstawionych na zdj\u0119ciu, a podane wymiary s\u0105 orientacyjne.<\/em><\/p>\n<p><em>Przy zakupie danego produktu na zam\u00f3wienie nie b\u0119dzie on wykonany w 100% identycznie z przedstawion\u0105 na zdj\u0119ciu wersj\u0105, zw\u0142aszcza przy projektach z du\u017c\u0105 ilo\u015bci\u0105 szczeg\u00f3\u0142\u00f3w. Jest to zaleta, gdy\u017c ka\u017cdy produkt jest oryginalny i niepowtarzalny! <\/em><em>Mo\u017cna my\u0107 w zmywarce \ud83d\ude42<\/em><\/p>\n","protected":false},"excerpt":{"rendered":"<p>Podstawka na bi\u017cuteri\u0119, klucze, lub kadzide\u0142ka w kszta\u0142cie li\u015bcia z mieszank\u0105 efektowych szkliw tworz\u0105cych razem niepowtarzalny efekt.<\/p>\n<p>Zajrzyj poni\u017cej do opisu, aby sprawdzi\u0107 szczeg\u00f3\u0142y<\/p>\n","protected":false},"featured_media":1839,"comment_status":"open","ping_status":"closed","template":"","meta":[],"product_brand":[27],"product_cat":[77],"product_tag":[78,65,83,84,61],"class_list":{"0":"post-2287","1":"product","2":"type-product","3":"status-publish","4":"has-post-thumbnail","6":"product_brand-vide-handmade","7":"product_cat-kadzidelnice","8":"product_tag-kadzidelnica","9":"product_tag-las","10":"product_tag-lisc","11":"product_tag-natura","12":"product_tag-natural","13":"product_shipping_class-plaskie-paletki-talerze","15":"first","16":"instock","17":"sold-individually","18":"shipping-taxable","19":"purchasable","20":"product-type-simple"},"jetpack_sharing_enabled":true,"_links":{"self":[{"href":"https:\/\/videhandmade.pl\/index.php?rest_route=\/wp\/v2\/product\/2287","targetHints":{"allow":["GET"]}}],"collection":[{"href":"https:\/\/videhandmade.pl\/index.php?rest_route=\/wp\/v2\/product"}],"about":[{"href":"https:\/\/videhandmade.pl\/index.php?rest_route=\/wp\/v2\/types\/product"}],"replies":[{"embeddable":true,"href":"https:\/\/videhandmade.pl\/index.php?rest_route=%2Fwp%2Fv2%2Fcomments&post=2287"}],"wp:featuredmedia":[{"embeddable":true,"href":"https:\/\/videhandmade.pl\/index.php?rest_route=\/wp\/v2\/media\/1839"}],"wp:attachment":[{"href":"https:\/\/videhandmade.pl\/index.php?rest_route=%2Fwp%2Fv2%2Fmedia&parent=2287"}],"wp:term":[{"taxonomy":"product_brand","embeddable":true,"href":"https:\/\/videhandmade.pl\/index.php?rest_route=%2Fwp%2Fv2%2Fproduct_brand&post=2287"},{"taxonomy":"product_cat","embeddable":true,"href":"https:\/\/videhandmade.pl\/index.php?rest_route=%2Fwp%2Fv2%2Fproduct_cat&post=2287"},{"taxonomy":"product_tag","embeddable":true,"href":"https:\/\/videhandmade.pl\/index.php?rest_route=%2Fwp%2Fv2%2Fproduct_tag&post=2287"}],"curies":[{"name":"wp","href":"https:\/\/api.w.org\/{rel}","templated":true}]}}