{"id":1479,"date":"2026-02-11T22:59:25","date_gmt":"2026-02-11T22:59:25","guid":{"rendered":"https:\/\/videhandmade.pl\/?post_type=product&#038;p=1479"},"modified":"2026-03-20T14:52:41","modified_gmt":"2026-03-20T14:52:41","slug":"wazon-sunset","status":"publish","type":"product","link":"https:\/\/videhandmade.pl\/?product=wazon-sunset","title":{"rendered":"Wazon Sunset"},"content":{"rendered":"<p class=\"\" data-start=\"129\" data-end=\"479\">Smuk\u0142y wazon \u015bredniej wielko\u015bci w kolorystyce zachodz\u0105cego s\u0142o\u0144ca<\/p>\n<p><em>Jest to produkt wykonany r\u0119cznie. Drobne nieregularno\u015bci na powierzchni cz\u0119\u015bci p\u0142askich produktu s\u0105 jego normaln\u0105 cech\u0105.<\/em><\/p>\n<p><em>Kolory mog\u0105 si\u0119 nieznacznie r\u00f3\u017cni\u0107 od przedstawionych na zdj\u0119ciu.<\/em><\/p>\n<p><em>Przy zakupie danego produktu na zam\u00f3wienie nie b\u0119dzie on wykonany w 100% identycznie z przedstawion\u0105 na zdj\u0119ciu wersj\u0105, zw\u0142aszcza przy projektach z du\u017c\u0105 ilo\u015bci\u0105 szczeg\u00f3\u0142\u00f3w. Jest to zaleta, gdy\u017c ka\u017cdy produkt jest oryginalny i niepowtarzalny!<\/em><\/p>\n<p><em>Mo\u017cna my\u0107 w zmywarce \ud83d\ude42<\/em><\/p>\n","protected":false},"excerpt":{"rendered":"<p class=\"\" data-start=\"129\" data-end=\"479\">Wazon w kolorach zachodz\u0105cego s\u0142o\u0144ca idealnie o\u017cywi ka\u017cde wn\u0119trze. Smuk\u0142y, ale stabilny, b\u0119dzie pi\u0119knie wygl\u0105da\u0142 zar\u00f3wno z kwiatami, jak i sam mo\u017ce by\u0107 wystarczaj\u0105cym akcentem kolorystycznym.<\/p>\n","protected":false},"featured_media":1481,"comment_status":"open","ping_status":"closed","template":"","meta":[],"product_brand":[27],"product_cat":[63],"product_tag":[136,134,64,135],"class_list":{"0":"post-1479","1":"product","2":"type-product","3":"status-publish","4":"has-post-thumbnail","6":"product_brand-vide-handmade","7":"product_cat-srednie","8":"product_tag-kolory","9":"product_tag-sunset","10":"product_tag-wazon","11":"product_tag-zachod-slonca","12":"product_shipping_class-duza-paczka","14":"first","15":"instock","16":"sold-individually","17":"shipping-taxable","18":"purchasable","19":"product-type-simple"},"jetpack_sharing_enabled":true,"_links":{"self":[{"href":"https:\/\/videhandmade.pl\/index.php?rest_route=\/wp\/v2\/product\/1479","targetHints":{"allow":["GET"]}}],"collection":[{"href":"https:\/\/videhandmade.pl\/index.php?rest_route=\/wp\/v2\/product"}],"about":[{"href":"https:\/\/videhandmade.pl\/index.php?rest_route=\/wp\/v2\/types\/product"}],"replies":[{"embeddable":true,"href":"https:\/\/videhandmade.pl\/index.php?rest_route=%2Fwp%2Fv2%2Fcomments&post=1479"}],"wp:featuredmedia":[{"embeddable":true,"href":"https:\/\/videhandmade.pl\/index.php?rest_route=\/wp\/v2\/media\/1481"}],"wp:attachment":[{"href":"https:\/\/videhandmade.pl\/index.php?rest_route=%2Fwp%2Fv2%2Fmedia&parent=1479"}],"wp:term":[{"taxonomy":"product_brand","embeddable":true,"href":"https:\/\/videhandmade.pl\/index.php?rest_route=%2Fwp%2Fv2%2Fproduct_brand&post=1479"},{"taxonomy":"product_cat","embeddable":true,"href":"https:\/\/videhandmade.pl\/index.php?rest_route=%2Fwp%2Fv2%2Fproduct_cat&post=1479"},{"taxonomy":"product_tag","embeddable":true,"href":"https:\/\/videhandmade.pl\/index.php?rest_route=%2Fwp%2Fv2%2Fproduct_tag&post=1479"}],"curies":[{"name":"wp","href":"https:\/\/api.w.org\/{rel}","templated":true}]}}