{"id":1465,"date":"2026-02-11T22:49:21","date_gmt":"2026-02-11T22:49:21","guid":{"rendered":"https:\/\/videhandmade.pl\/?post_type=product&#038;p=1465"},"modified":"2026-03-20T14:52:41","modified_gmt":"2026-03-20T14:52:41","slug":"child-of-fern-oslonka-outlet","status":"publish","type":"product","link":"https:\/\/videhandmade.pl\/?product=child-of-fern-oslonka-outlet","title":{"rendered":"Child of Fern &#8211; os\u0142onka"},"content":{"rendered":"<p>Magiczna os\u0142onka\/ du\u017ca czarka z wydrapanym motywem ciem i paproci.<\/p>\n<p>OUTLET &#8211; os\u0142onka z jednej strony ma zabrudzenie niebieskim szkliwem. Jest to tylko defekt estetyczny, cho\u0107 nadaje jej te\u017c oryginalno\u015bci. Na zbli\u017ceniach wida\u0107 dok\u0142adnie jak wygl\u0105da.<br \/>\n<em>Jest to produkt wykonany r\u0119cznie. Drobne nieregularno\u015bci na powierzchni cz\u0119\u015bci p\u0142askich produktu s\u0105 jego normaln\u0105 cech\u0105.<\/em><\/p>\n<p><em>Kolory mog\u0105 si\u0119 nieznacznie r\u00f3\u017cni\u0107 od przedstawionych na zdj\u0119ciu.<\/em><\/p>\n<p><em>Przy zakupie danego produktu na zam\u00f3wienie nie b\u0119dzie on wykonany w 100% identycznie z przedstawion\u0105 na zdj\u0119ciu wersj\u0105, zw\u0142aszcza przy projektach z du\u017c\u0105 ilo\u015bci\u0105 szczeg\u00f3\u0142\u00f3w. Jest to zaleta, gdy\u017c ka\u017cdy produkt jest oryginalny i niepowtarzalny!<\/em><\/p>\n<p><em>Mo\u017cna my\u0107 w zmywarce \ud83d\ude42<\/em><\/p>\n","protected":false},"excerpt":{"rendered":"<p>Child of Fern \u2013 os\u0142onka z \u0107mami toczona na kole.<\/p>\n<p>Wz\u00f3r to efekt r\u0119cznej pracy z u\u017cyciem techniki sgraffitto. \u0106my, paprocie i inne le\u015bne motywy s\u0105 unikatowe, a ka\u017cdy produkt jedyny w swoim rodzaju. Nada si\u0119 zar\u00f3wno jako os\u0142onka na doniczk\u0119, jak i wi\u0119kszy kubek bez ucha.<\/p>\n<p>Zerknij na tag Child of Fern &#8211; z tej kolekcji mam sporo produkt\u00f3w!<\/p>\n<p>OUTLET &#8211; zerknij na opis na dole strony<\/p>\n","protected":false},"featured_media":1468,"comment_status":"open","ping_status":"closed","template":"","meta":[],"product_brand":[27],"product_cat":[96],"product_tag":[54,56,57],"class_list":{"0":"post-1465","1":"product","2":"type-product","3":"status-publish","4":"has-post-thumbnail","6":"product_brand-vide-handmade","7":"product_cat-pojemniki-pudelka","8":"product_tag-child-of-fern","9":"product_tag-magiczne","10":"product_tag-sgrafitto","11":"product_shipping_class-kubki-srednia","13":"first","14":"instock","15":"sale","16":"sold-individually","17":"shipping-taxable","18":"purchasable","19":"product-type-simple"},"jetpack_sharing_enabled":true,"_links":{"self":[{"href":"https:\/\/videhandmade.pl\/index.php?rest_route=\/wp\/v2\/product\/1465","targetHints":{"allow":["GET"]}}],"collection":[{"href":"https:\/\/videhandmade.pl\/index.php?rest_route=\/wp\/v2\/product"}],"about":[{"href":"https:\/\/videhandmade.pl\/index.php?rest_route=\/wp\/v2\/types\/product"}],"replies":[{"embeddable":true,"href":"https:\/\/videhandmade.pl\/index.php?rest_route=%2Fwp%2Fv2%2Fcomments&post=1465"}],"wp:featuredmedia":[{"embeddable":true,"href":"https:\/\/videhandmade.pl\/index.php?rest_route=\/wp\/v2\/media\/1468"}],"wp:attachment":[{"href":"https:\/\/videhandmade.pl\/index.php?rest_route=%2Fwp%2Fv2%2Fmedia&parent=1465"}],"wp:term":[{"taxonomy":"product_brand","embeddable":true,"href":"https:\/\/videhandmade.pl\/index.php?rest_route=%2Fwp%2Fv2%2Fproduct_brand&post=1465"},{"taxonomy":"product_cat","embeddable":true,"href":"https:\/\/videhandmade.pl\/index.php?rest_route=%2Fwp%2Fv2%2Fproduct_cat&post=1465"},{"taxonomy":"product_tag","embeddable":true,"href":"https:\/\/videhandmade.pl\/index.php?rest_route=%2Fwp%2Fv2%2Fproduct_tag&post=1465"}],"curies":[{"name":"wp","href":"https:\/\/api.w.org\/{rel}","templated":true}]}}